{"id":6518,"date":"2024-04-25T14:05:39","date_gmt":"2024-04-25T14:05:39","guid":{"rendered":"https:\/\/www.baint.us\/?page_id=6518"},"modified":"2024-05-09T14:55:15","modified_gmt":"2024-05-09T14:55:15","slug":"alejandro-prieto","status":"publish","type":"page","link":"https:\/\/www.baint.us\/es\/alejandro-prieto\/","title":{"rendered":"Alejandro Prieto"},"content":{"rendered":"\t\t<div data-elementor-type=\"wp-page\" data-elementor-id=\"6518\" class=\"elementor elementor-6518 elementor-6515\" data-elementor-settings=\"{&quot;ha_cmc_init_switcher&quot;:&quot;no&quot;}\" data-elementor-post-type=\"page\">\n\t\t\t\t\t\t<section class=\"elementor-section elementor-top-section elementor-element elementor-element-4289995 elementor-section-height-min-height elementor-section-boxed elementor-section-height-default elementor-section-items-middle\" data-id=\"4289995\" data-element_type=\"section\" data-e-type=\"section\" data-settings=\"{&quot;background_background&quot;:&quot;classic&quot;,&quot;_ha_eqh_enable&quot;:false}\">\n\t\t\t\t\t\t\t<div class=\"elementor-background-overlay\"><\/div>\n\t\t\t\t\t\t\t<div class=\"elementor-container elementor-column-gap-default\">\n\t\t\t\t\t<div class=\"elementor-column elementor-col-100 elementor-top-column elementor-element elementor-element-440542d\" data-id=\"440542d\" data-element_type=\"column\" data-e-type=\"column\">\n\t\t\t<div class=\"elementor-widget-wrap elementor-element-populated\">\n\t\t\t\t\t\t<div class=\"elementor-element elementor-element-eea253d elementor-widget elementor-widget-heading\" data-id=\"eea253d\" data-element_type=\"widget\" data-e-type=\"widget\" data-widget_type=\"heading.default\">\n\t\t\t\t<div class=\"elementor-widget-container\">\n\t\t\t\t\t<h1 class=\"elementor-heading-title elementor-size-default\">Acerca de<\/h1>\t\t\t\t<\/div>\n\t\t\t\t<\/div>\n\t\t\t\t\t<\/div>\n\t\t<\/div>\n\t\t\t\t\t<\/div>\n\t\t<\/section>\n\t\t\t\t<section class=\"elementor-section elementor-top-section elementor-element elementor-element-7702409 elementor-section-height-min-height elementor-section-boxed elementor-section-height-default elementor-section-items-middle\" data-id=\"7702409\" data-element_type=\"section\" data-e-type=\"section\" data-settings=\"{&quot;_ha_eqh_enable&quot;:false}\">\n\t\t\t\t\t\t<div class=\"elementor-container elementor-column-gap-default\">\n\t\t\t\t\t<div class=\"elementor-column elementor-col-100 elementor-top-column elementor-element elementor-element-02ec083\" data-id=\"02ec083\" data-element_type=\"column\" data-e-type=\"column\" data-settings=\"{&quot;background_background&quot;:&quot;classic&quot;}\">\n\t\t\t<div class=\"elementor-widget-wrap elementor-element-populated\">\n\t\t\t\t\t<div class=\"elementor-background-overlay\"><\/div>\n\t\t\t\t\t\t<section class=\"elementor-section elementor-inner-section elementor-element elementor-element-72455e0 elementor-section-boxed elementor-section-height-default elementor-section-height-default\" data-id=\"72455e0\" data-element_type=\"section\" data-e-type=\"section\" data-settings=\"{&quot;_ha_eqh_enable&quot;:false}\">\n\t\t\t\t\t\t<div class=\"elementor-container elementor-column-gap-default\">\n\t\t\t\t\t<div class=\"elementor-column elementor-col-100 elementor-inner-column elementor-element elementor-element-e42b712\" data-id=\"e42b712\" data-element_type=\"column\" data-e-type=\"column\">\n\t\t\t<div class=\"elementor-widget-wrap elementor-element-populated\">\n\t\t\t\t\t\t<div class=\"elementor-element elementor-element-1fbaf31 elementor-widget elementor-widget-heading\" data-id=\"1fbaf31\" data-element_type=\"widget\" data-e-type=\"widget\" data-widget_type=\"heading.default\">\n\t\t\t\t<div class=\"elementor-widget-container\">\n\t\t\t\t\t<h2 class=\"elementor-heading-title elementor-size-default\">Alejandro<br><b>Prieto<\/b><\/h2>\t\t\t\t<\/div>\n\t\t\t\t<\/div>\n\t\t\t\t<div class=\"elementor-element elementor-element-1bc5110 elementor-widget elementor-widget-heading\" data-id=\"1bc5110\" data-element_type=\"widget\" data-e-type=\"widget\" data-widget_type=\"heading.default\">\n\t\t\t\t<div class=\"elementor-widget-container\">\n\t\t\t\t\t<h3 class=\"elementor-heading-title elementor-size-default\">Socio<\/h3>\t\t\t\t<\/div>\n\t\t\t\t<\/div>\n\t\t\t\t\t<\/div>\n\t\t<\/div>\n\t\t\t\t\t<\/div>\n\t\t<\/section>\n\t\t\t\t\t<\/div>\n\t\t<\/div>\n\t\t\t\t\t<\/div>\n\t\t<\/section>\n\t\t\t\t<section class=\"elementor-section elementor-top-section elementor-element elementor-element-e83dd8a elementor-section-boxed elementor-section-height-default elementor-section-height-default\" data-id=\"e83dd8a\" data-element_type=\"section\" data-e-type=\"section\" data-settings=\"{&quot;background_background&quot;:&quot;classic&quot;,&quot;_ha_eqh_enable&quot;:false}\">\n\t\t\t\t\t\t<div class=\"elementor-container elementor-column-gap-default\">\n\t\t\t\t\t<div class=\"elementor-column elementor-col-100 elementor-top-column elementor-element elementor-element-f2eccdc\" data-id=\"f2eccdc\" data-element_type=\"column\" data-e-type=\"column\">\n\t\t\t<div class=\"elementor-widget-wrap elementor-element-populated\">\n\t\t\t\t\t\t<div class=\"elementor-element elementor-element-7ad6899 elementor-widget elementor-widget-heading\" data-id=\"7ad6899\" data-element_type=\"widget\" data-e-type=\"widget\" data-widget_type=\"heading.default\">\n\t\t\t\t<div class=\"elementor-widget-container\">\n\t\t\t\t\t<h3 class=\"elementor-heading-title elementor-size-default\">Perfil<\/h3>\t\t\t\t<\/div>\n\t\t\t\t<\/div>\n\t\t\t\t<div class=\"elementor-element elementor-element-591cb8d elementor-widget elementor-widget-text-editor\" data-id=\"591cb8d\" data-element_type=\"widget\" data-e-type=\"widget\" data-widget_type=\"text-editor.default\">\n\t\t\t\t<div class=\"elementor-widget-container\">\n\t\t\t\t\t\t\t\t\t<p>Experiencia de casi 15 a\u00f1os en los sectores educativo y tecnol\u00f3gico que le ha permitido trabajar en diferentes empresas en Latinoam\u00e9rica. Cuenta con certificaciones por Google Cloud y Google for Education. A lo largo de su experiencia ha desarrollado y expandido emprendimientos en M\u00e9xico, Colombia, Per\u00fa y Venezuela. Ha participado en distintas c\u00e1maras y organizaciones empresariales.<br><\/p>\t\t\t\t\t\t\t\t<\/div>\n\t\t\t\t<\/div>\n\t\t\t\t\t<\/div>\n\t\t<\/div>\n\t\t\t\t\t<\/div>\n\t\t<\/section>\n\t\t\t\t<section class=\"elementor-section elementor-top-section elementor-element elementor-element-bc305af elementor-section-boxed elementor-section-height-default elementor-section-height-default\" data-id=\"bc305af\" data-element_type=\"section\" data-e-type=\"section\" data-settings=\"{&quot;_ha_eqh_enable&quot;:false}\">\n\t\t\t\t\t\t<div class=\"elementor-container elementor-column-gap-default\">\n\t\t\t\t\t<div class=\"elementor-column elementor-col-100 elementor-top-column elementor-element elementor-element-f02d80f\" data-id=\"f02d80f\" data-element_type=\"column\" data-e-type=\"column\">\n\t\t\t<div class=\"elementor-widget-wrap elementor-element-populated\">\n\t\t\t\t\t\t<div class=\"elementor-element elementor-element-c801ab0 elementor-widget elementor-widget-heading\" data-id=\"c801ab0\" data-element_type=\"widget\" data-e-type=\"widget\" data-widget_type=\"heading.default\">\n\t\t\t\t<div class=\"elementor-widget-container\">\n\t\t\t\t\t<h2 class=\"elementor-heading-title elementor-size-default\">TEAM<\/h2>\t\t\t\t<\/div>\n\t\t\t\t<\/div>\n\t\t\t\t<section class=\"elementor-section elementor-inner-section elementor-element elementor-element-84348b7 elementor-section-boxed elementor-section-height-default elementor-section-height-default\" data-id=\"84348b7\" data-element_type=\"section\" data-e-type=\"section\" data-settings=\"{&quot;_ha_eqh_enable&quot;:false}\">\n\t\t\t\t\t\t<div class=\"elementor-container elementor-column-gap-default\">\n\t\t\t\t\t<div class=\"elementor-column elementor-col-25 elementor-inner-column elementor-element elementor-element-62fb6e5\" data-id=\"62fb6e5\" data-element_type=\"column\" data-e-type=\"column\">\n\t\t\t<div class=\"elementor-widget-wrap elementor-element-populated\">\n\t\t\t\t\t\t<div class=\"elementor-element elementor-element-2fd5f99 elementor-widget elementor-widget-image\" data-id=\"2fd5f99\" data-element_type=\"widget\" data-e-type=\"widget\" data-widget_type=\"image.default\">\n\t\t\t\t<div class=\"elementor-widget-container\">\n\t\t\t\t\t\t\t\t\t\t\t\t\t\t\t\t<a href=\"https:\/\/www.baint.us\/alexandra-desmeules\/\">\n\t\t\t\t\t\t\t<img fetchpriority=\"high\" decoding=\"async\" width=\"500\" height=\"300\" src=\"https:\/\/www.baint.us\/wp-content\/uploads\/2022\/11\/alexandraDesMeules.png\" class=\"elementor-animation-shrink attachment-large size-large wp-image-647\" alt=\"\" srcset=\"https:\/\/www.baint.us\/wp-content\/uploads\/2022\/11\/alexandraDesMeules.png 500w, https:\/\/www.baint.us\/wp-content\/uploads\/2022\/11\/alexandraDesMeules-300x180.png 300w, https:\/\/www.baint.us\/wp-content\/uploads\/2022\/11\/alexandraDesMeules-250x150.png 250w\" sizes=\"(max-width: 500px) 100vw, 500px\" \/>\t\t\t\t\t\t\t\t<\/a>\n\t\t\t\t\t\t\t\t\t\t\t\t\t\t\t<\/div>\n\t\t\t\t<\/div>\n\t\t\t\t\t<\/div>\n\t\t<\/div>\n\t\t\t\t<div class=\"elementor-column elementor-col-25 elementor-inner-column elementor-element elementor-element-f24fdd7\" data-id=\"f24fdd7\" data-element_type=\"column\" data-e-type=\"column\">\n\t\t\t<div class=\"elementor-widget-wrap elementor-element-populated\">\n\t\t\t\t\t\t<div class=\"elementor-element elementor-element-5e5c350 elementor-widget elementor-widget-image\" data-id=\"5e5c350\" data-element_type=\"widget\" data-e-type=\"widget\" data-widget_type=\"image.default\">\n\t\t\t\t<div class=\"elementor-widget-container\">\n\t\t\t\t\t\t\t\t\t\t\t\t\t\t\t\t<a href=\"https:\/\/www.baint.us\/diego-labarthe\/\">\n\t\t\t\t\t\t\t<img decoding=\"async\" width=\"500\" height=\"300\" src=\"https:\/\/www.baint.us\/wp-content\/uploads\/2022\/11\/diegoLabarthe.png\" class=\"elementor-animation-shrink attachment-large size-large wp-image-648\" alt=\"\" srcset=\"https:\/\/www.baint.us\/wp-content\/uploads\/2022\/11\/diegoLabarthe.png 500w, https:\/\/www.baint.us\/wp-content\/uploads\/2022\/11\/diegoLabarthe-300x180.png 300w, https:\/\/www.baint.us\/wp-content\/uploads\/2022\/11\/diegoLabarthe-250x150.png 250w\" sizes=\"(max-width: 500px) 100vw, 500px\" \/>\t\t\t\t\t\t\t\t<\/a>\n\t\t\t\t\t\t\t\t\t\t\t\t\t\t\t<\/div>\n\t\t\t\t<\/div>\n\t\t\t\t\t<\/div>\n\t\t<\/div>\n\t\t\t\t<div class=\"elementor-column elementor-col-25 elementor-inner-column elementor-element elementor-element-b4aef23\" data-id=\"b4aef23\" data-element_type=\"column\" data-e-type=\"column\">\n\t\t\t<div class=\"elementor-widget-wrap elementor-element-populated\">\n\t\t\t\t\t\t<div class=\"elementor-element elementor-element-0e6247c elementor-widget elementor-widget-image\" data-id=\"0e6247c\" data-element_type=\"widget\" data-e-type=\"widget\" data-widget_type=\"image.default\">\n\t\t\t\t<div class=\"elementor-widget-container\">\n\t\t\t\t\t\t\t\t\t\t\t\t\t\t\t\t<a href=\"https:\/\/www.baint.us\/alberto-meade\/\">\n\t\t\t\t\t\t\t<img decoding=\"async\" width=\"500\" height=\"300\" src=\"https:\/\/www.baint.us\/wp-content\/uploads\/2022\/11\/albertoMeade-1.png\" class=\"elementor-animation-shrink attachment-large size-large wp-image-645\" alt=\"\" srcset=\"https:\/\/www.baint.us\/wp-content\/uploads\/2022\/11\/albertoMeade-1.png 500w, https:\/\/www.baint.us\/wp-content\/uploads\/2022\/11\/albertoMeade-1-300x180.png 300w, https:\/\/www.baint.us\/wp-content\/uploads\/2022\/11\/albertoMeade-1-250x150.png 250w\" sizes=\"(max-width: 500px) 100vw, 500px\" \/>\t\t\t\t\t\t\t\t<\/a>\n\t\t\t\t\t\t\t\t\t\t\t\t\t\t\t<\/div>\n\t\t\t\t<\/div>\n\t\t\t\t\t<\/div>\n\t\t<\/div>\n\t\t\t\t<div class=\"elementor-column elementor-col-25 elementor-inner-column elementor-element elementor-element-c09c7ef\" data-id=\"c09c7ef\" data-element_type=\"column\" data-e-type=\"column\">\n\t\t\t<div class=\"elementor-widget-wrap elementor-element-populated\">\n\t\t\t\t\t\t<div class=\"elementor-element elementor-element-a8b5eec elementor-widget elementor-widget-image\" data-id=\"a8b5eec\" data-element_type=\"widget\" data-e-type=\"widget\" data-widget_type=\"image.default\">\n\t\t\t\t<div class=\"elementor-widget-container\">\n\t\t\t\t\t\t\t\t\t\t\t\t\t\t\t\t<a href=\"https:\/\/www.baint.us\/gerardo-cacho\/\">\n\t\t\t\t\t\t\t<img loading=\"lazy\" decoding=\"async\" width=\"500\" height=\"300\" src=\"https:\/\/www.baint.us\/wp-content\/uploads\/2022\/11\/geradoCacho.png\" class=\"elementor-animation-shrink attachment-large size-large wp-image-650\" alt=\"\" srcset=\"https:\/\/www.baint.us\/wp-content\/uploads\/2022\/11\/geradoCacho.png 500w, https:\/\/www.baint.us\/wp-content\/uploads\/2022\/11\/geradoCacho-300x180.png 300w, https:\/\/www.baint.us\/wp-content\/uploads\/2022\/11\/geradoCacho-250x150.png 250w\" sizes=\"(max-width: 500px) 100vw, 500px\" \/>\t\t\t\t\t\t\t\t<\/a>\n\t\t\t\t\t\t\t\t\t\t\t\t\t\t\t<\/div>\n\t\t\t\t<\/div>\n\t\t\t\t\t<\/div>\n\t\t<\/div>\n\t\t\t\t\t<\/div>\n\t\t<\/section>\n\t\t\t\t<section class=\"elementor-section elementor-inner-section elementor-element elementor-element-35267eb elementor-section-boxed elementor-section-height-default elementor-section-height-default\" data-id=\"35267eb\" data-element_type=\"section\" data-e-type=\"section\" data-settings=\"{&quot;_ha_eqh_enable&quot;:false}\">\n\t\t\t\t\t\t<div class=\"elementor-container elementor-column-gap-default\">\n\t\t\t\t\t<div class=\"elementor-column elementor-col-25 elementor-inner-column elementor-element elementor-element-6b83d7e\" data-id=\"6b83d7e\" data-element_type=\"column\" data-e-type=\"column\">\n\t\t\t<div class=\"elementor-widget-wrap elementor-element-populated\">\n\t\t\t\t\t\t<div class=\"elementor-element elementor-element-1d8e688 elementor-widget elementor-widget-image\" data-id=\"1d8e688\" data-element_type=\"widget\" data-e-type=\"widget\" data-widget_type=\"image.default\">\n\t\t\t\t<div class=\"elementor-widget-container\">\n\t\t\t\t\t\t\t\t\t\t\t\t\t\t\t\t<a href=\"https:\/\/www.baint.us\/roman-hernandez\/\">\n\t\t\t\t\t\t\t<img loading=\"lazy\" decoding=\"async\" width=\"500\" height=\"300\" src=\"https:\/\/www.baint.us\/wp-content\/uploads\/2022\/11\/romanHz.png\" class=\"elementor-animation-shrink attachment-large size-large wp-image-4032\" alt=\"\" srcset=\"https:\/\/www.baint.us\/wp-content\/uploads\/2022\/11\/romanHz.png 500w, https:\/\/www.baint.us\/wp-content\/uploads\/2022\/11\/romanHz-300x180.png 300w\" sizes=\"(max-width: 500px) 100vw, 500px\" \/>\t\t\t\t\t\t\t\t<\/a>\n\t\t\t\t\t\t\t\t\t\t\t\t\t\t\t<\/div>\n\t\t\t\t<\/div>\n\t\t\t\t\t<\/div>\n\t\t<\/div>\n\t\t\t\t<div class=\"elementor-column elementor-col-25 elementor-inner-column elementor-element elementor-element-526d344\" data-id=\"526d344\" data-element_type=\"column\" data-e-type=\"column\">\n\t\t\t<div class=\"elementor-widget-wrap elementor-element-populated\">\n\t\t\t\t\t\t<div class=\"elementor-element elementor-element-b51589f elementor-widget elementor-widget-image\" data-id=\"b51589f\" data-element_type=\"widget\" data-e-type=\"widget\" data-widget_type=\"image.default\">\n\t\t\t\t<div class=\"elementor-widget-container\">\n\t\t\t\t\t\t\t\t\t\t\t\t\t\t\t\t<a href=\"https:\/\/www.baint.us\/joseantonio-delrincon\/\">\n\t\t\t\t\t\t\t<img loading=\"lazy\" decoding=\"async\" width=\"500\" height=\"300\" src=\"https:\/\/www.baint.us\/wp-content\/uploads\/2022\/11\/joseAntonio.png\" class=\"elementor-animation-shrink attachment-large size-large wp-image-4034\" alt=\"\" srcset=\"https:\/\/www.baint.us\/wp-content\/uploads\/2022\/11\/joseAntonio.png 500w, https:\/\/www.baint.us\/wp-content\/uploads\/2022\/11\/joseAntonio-300x180.png 300w\" sizes=\"(max-width: 500px) 100vw, 500px\" \/>\t\t\t\t\t\t\t\t<\/a>\n\t\t\t\t\t\t\t\t\t\t\t\t\t\t\t<\/div>\n\t\t\t\t<\/div>\n\t\t\t\t\t<\/div>\n\t\t<\/div>\n\t\t\t\t<div class=\"elementor-column elementor-col-25 elementor-inner-column elementor-element elementor-element-afb24ec\" data-id=\"afb24ec\" data-element_type=\"column\" data-e-type=\"column\">\n\t\t\t<div class=\"elementor-widget-wrap elementor-element-populated\">\n\t\t\t\t\t\t<div class=\"elementor-element elementor-element-d06674a elementor-widget elementor-widget-image\" data-id=\"d06674a\" data-element_type=\"widget\" data-e-type=\"widget\" data-widget_type=\"image.default\">\n\t\t\t\t<div class=\"elementor-widget-container\">\n\t\t\t\t\t\t\t\t\t\t\t\t\t\t\t\t<a href=\"https:\/\/www.baint.us\/es\/alejandra-mendez\/\">\n\t\t\t\t\t\t\t<img loading=\"lazy\" decoding=\"async\" width=\"500\" height=\"300\" src=\"https:\/\/www.baint.us\/wp-content\/uploads\/2024\/04\/AlejandraMendez-3.png\" class=\"elementor-animation-shrink attachment-large size-large wp-image-6440\" alt=\"\" srcset=\"https:\/\/www.baint.us\/wp-content\/uploads\/2024\/04\/AlejandraMendez-3.png 500w, https:\/\/www.baint.us\/wp-content\/uploads\/2024\/04\/AlejandraMendez-3-300x180.png 300w\" sizes=\"(max-width: 500px) 100vw, 500px\" \/>\t\t\t\t\t\t\t\t<\/a>\n\t\t\t\t\t\t\t\t\t\t\t\t\t\t\t<\/div>\n\t\t\t\t<\/div>\n\t\t\t\t\t<\/div>\n\t\t<\/div>\n\t\t\t\t<div class=\"elementor-column elementor-col-25 elementor-inner-column elementor-element elementor-element-2277eff\" data-id=\"2277eff\" data-element_type=\"column\" data-e-type=\"column\">\n\t\t\t<div class=\"elementor-widget-wrap elementor-element-populated\">\n\t\t\t\t\t\t<div class=\"elementor-element elementor-element-13d9387 elementor-widget elementor-widget-image\" data-id=\"13d9387\" data-element_type=\"widget\" data-e-type=\"widget\" data-widget_type=\"image.default\">\n\t\t\t\t<div class=\"elementor-widget-container\">\n\t\t\t\t\t\t\t\t\t\t\t\t\t\t\t\t<a href=\"https:\/\/www.baint.us\/es\/alejandro-prieto\/\">\n\t\t\t\t\t\t\t<img loading=\"lazy\" decoding=\"async\" width=\"500\" height=\"300\" src=\"https:\/\/www.baint.us\/wp-content\/uploads\/2024\/05\/alejandro-prieto.jpeg\" class=\"elementor-animation-shrink attachment-large size-large wp-image-6649\" alt=\"\" srcset=\"https:\/\/www.baint.us\/wp-content\/uploads\/2024\/05\/alejandro-prieto.jpeg 500w, https:\/\/www.baint.us\/wp-content\/uploads\/2024\/05\/alejandro-prieto-300x180.jpeg 300w\" sizes=\"(max-width: 500px) 100vw, 500px\" \/>\t\t\t\t\t\t\t\t<\/a>\n\t\t\t\t\t\t\t\t\t\t\t\t\t\t\t<\/div>\n\t\t\t\t<\/div>\n\t\t\t\t\t<\/div>\n\t\t<\/div>\n\t\t\t\t\t<\/div>\n\t\t<\/section>\n\t\t\t\t\t<\/div>\n\t\t<\/div>\n\t\t\t\t\t<\/div>\n\t\t<\/section>\n\t\t\t\t<\/div>\n\t\t","protected":false},"excerpt":{"rendered":"<p>Acerca de AlejandroPrieto Socio Perfil Experiencia de casi 15 a\u00f1os en los sectores educativo y tecnol\u00f3gico que le ha permitido trabajar en diferentes empresas en Latinoam\u00e9rica. Cuenta con certificaciones por Google Cloud y Google for Education. A lo largo de su experiencia ha desarrollado y expandido emprendimientos en M\u00e9xico, Colombia, Per\u00fa y Venezuela. Ha participado [&hellip;]<\/p>\n","protected":false},"author":2,"featured_media":0,"parent":0,"menu_order":0,"comment_status":"closed","ping_status":"closed","template":"","meta":{"footnotes":""},"class_list":["post-6518","page","type-page","status-publish","hentry"],"_links":{"self":[{"href":"https:\/\/www.baint.us\/es\/wp-json\/wp\/v2\/pages\/6518","targetHints":{"allow":["GET"]}}],"collection":[{"href":"https:\/\/www.baint.us\/es\/wp-json\/wp\/v2\/pages"}],"about":[{"href":"https:\/\/www.baint.us\/es\/wp-json\/wp\/v2\/types\/page"}],"author":[{"embeddable":true,"href":"https:\/\/www.baint.us\/es\/wp-json\/wp\/v2\/users\/2"}],"replies":[{"embeddable":true,"href":"https:\/\/www.baint.us\/es\/wp-json\/wp\/v2\/comments?post=6518"}],"version-history":[{"count":10,"href":"https:\/\/www.baint.us\/es\/wp-json\/wp\/v2\/pages\/6518\/revisions"}],"predecessor-version":[{"id":6738,"href":"https:\/\/www.baint.us\/es\/wp-json\/wp\/v2\/pages\/6518\/revisions\/6738"}],"wp:attachment":[{"href":"https:\/\/www.baint.us\/es\/wp-json\/wp\/v2\/media?parent=6518"}],"curies":[{"name":"wp","href":"https:\/\/api.w.org\/{rel}","templated":true}]}}